{"id":4586,"date":"2021-12-08T19:23:04","date_gmt":"2021-12-08T18:23:04","guid":{"rendered":"https:\/\/kovacnik.com\/?post_type=product&#038;p=4586"},"modified":"2021-12-11T15:18:38","modified_gmt":"2021-12-11T14:18:38","slug":"knjiga-nasih-40","status":"publish","type":"product","link":"https:\/\/kovacnik.com\/de\/izdelek\/knjiga-nasih-40\/","title":{"rendered":"Knjiga &#8220;NA\u0160IH 40&#8220;"},"content":{"rendered":"<p>V knjigi je zapisan <strong>zgodovinski razvoj na\u0161e dru\u017eine<\/strong>, najve\u010dji dose\u017eki kmetije<br \/>\nKova\u010dnik doslej in najodmevnej\u0161i \u010dlanki iz razli\u010dnih medijev. Prav tako so<br \/>\npredstavljeni namigi za izlete po na\u0161i bli\u017enji okolici.<\/p>\n<p>V drugem delu knjige je zapisanih <strong>ve\u010d kot 40 hi\u0161nih receptov<\/strong> na\u0161e dru\u017eine.<br \/>\nResni\u010dno upam, da bodo recepti v pomo\u010d marsikateri mladi gospodinji, kar je<br \/>\nbilo moje osnovno vodilo pri nastanku te knjige.<\/p>\n<p>Naj bo ta knjiga bodisi trajen spominek na okusno kulinari\u010dno do\u017eivetje pri nas<br \/>\nbodisi poslovno darilo. \u017delim si, da si tudi doma pripravljate jedi po na\u0161ih<br \/>\nreceptih v spomin na lepe po\u010ditnice na Kova\u010dnikovi doma\u010diji.<\/p>\n","protected":false},"excerpt":{"rendered":"<p>Format: 16 x 24 cm<br \/>\nTisk : Barvni tisk<br \/>\nVezava : Trda vezava<br \/>\n\u0160t. strani: 157<\/p>\n","protected":false},"featured_media":4356,"template":"","meta":{"inline_featured_image":false},"product_cat":[142],"product_tag":[],"class_list":{"0":"post-4586","1":"product","2":"type-product","3":"status-publish","4":"has-post-thumbnail","6":"product_cat-knjiga","8":"first","9":"instock","10":"taxable","11":"shipping-taxable","12":"purchasable","13":"product-type-simple"},"bundle_layout":"","bundle_add_to_cart_form_location":"","bundle_editable_in_cart":false,"bundle_sold_individually_context":"","bundle_item_grouping":"","bundle_min_size":"","bundle_max_size":"","bundled_by":["1277"],"bundled_items":[],"_links":{"self":[{"href":"https:\/\/kovacnik.com\/de\/wp-json\/wp\/v2\/product\/4586","targetHints":{"allow":["GET"]}}],"collection":[{"href":"https:\/\/kovacnik.com\/de\/wp-json\/wp\/v2\/product"}],"about":[{"href":"https:\/\/kovacnik.com\/de\/wp-json\/wp\/v2\/types\/product"}],"wp:featuredmedia":[{"embeddable":true,"href":"https:\/\/kovacnik.com\/de\/wp-json\/wp\/v2\/media\/4356"}],"wp:attachment":[{"href":"https:\/\/kovacnik.com\/de\/wp-json\/wp\/v2\/media?parent=4586"}],"wp:term":[{"taxonomy":"product_cat","embeddable":true,"href":"https:\/\/kovacnik.com\/de\/wp-json\/wp\/v2\/product_cat?post=4586"},{"taxonomy":"product_tag","embeddable":true,"href":"https:\/\/kovacnik.com\/de\/wp-json\/wp\/v2\/product_tag?post=4586"}],"curies":[{"name":"wp","href":"https:\/\/api.w.org\/{rel}","templated":true}]}}