{"id":819,"date":"2020-11-30T11:20:30","date_gmt":"2020-11-30T10:20:30","guid":{"rendered":"https:\/\/trgovina-kovacnik.com\/?post_type=product&#038;p=819"},"modified":"2023-11-01T00:44:01","modified_gmt":"2023-10-31T23:44:01","slug":"bucni-namaz-212-ml","status":"publish","type":"product","link":"https:\/\/kovacnik.com\/de\/izdelek\/bucni-namaz-212-ml\/","title":{"rendered":"Bu\u010dni namaz, 212 ml"},"content":{"rendered":"<p><strong>Bu\u010dni namaz smo v na\u0161o ponudbo dodali za vse vegetarijance, kmalu pa so ga vzljubili tudi drugi gostje. <\/strong><\/p>\n<p>Pripravljamo ga iz bu\u010d z doma\u010de njive, ki je vse poletje obsijana s soncem, zato na na\u0161em Pohorju vedno bogato obrodijo.<\/p>\n<p>Ro\u010dno jih o\u010distimo in izlu\u0161\u010dimo njihova dragocena semena, jih posu\u0161imo na zraku, zmeljemo, prilijemo jim \u0161e najbolj\u0161e bu\u010dno in olj\u010dno olje, da nastane temno zelen namaz. Ponosni smo, da je to najbolje prodajan Kova\u010dnikov izdelek.<\/p>\n","protected":false},"excerpt":{"rendered":"<p><strong>Najbolje prodajan Kova\u010dnikov izdelek.<\/strong><\/p>\n<p>&nbsp;<\/p>\n","protected":false},"featured_media":5711,"template":"","meta":{"inline_featured_image":false},"product_cat":[75],"product_tag":[],"class_list":{"0":"post-819","1":"product","2":"type-product","3":"status-publish","4":"has-post-thumbnail","6":"product_cat-namazi","8":"first","9":"instock","10":"taxable","11":"shipping-taxable","12":"purchasable","13":"product-type-simple"},"bundle_layout":"","bundle_add_to_cart_form_location":"","bundle_editable_in_cart":false,"bundle_sold_individually_context":"","bundle_item_grouping":"","bundle_min_size":"","bundle_max_size":"","bundled_by":["1277"],"bundled_items":[],"_links":{"self":[{"href":"https:\/\/kovacnik.com\/de\/wp-json\/wp\/v2\/product\/819","targetHints":{"allow":["GET"]}}],"collection":[{"href":"https:\/\/kovacnik.com\/de\/wp-json\/wp\/v2\/product"}],"about":[{"href":"https:\/\/kovacnik.com\/de\/wp-json\/wp\/v2\/types\/product"}],"wp:featuredmedia":[{"embeddable":true,"href":"https:\/\/kovacnik.com\/de\/wp-json\/wp\/v2\/media\/5711"}],"wp:attachment":[{"href":"https:\/\/kovacnik.com\/de\/wp-json\/wp\/v2\/media?parent=819"}],"wp:term":[{"taxonomy":"product_cat","embeddable":true,"href":"https:\/\/kovacnik.com\/de\/wp-json\/wp\/v2\/product_cat?post=819"},{"taxonomy":"product_tag","embeddable":true,"href":"https:\/\/kovacnik.com\/de\/wp-json\/wp\/v2\/product_tag?post=819"}],"curies":[{"name":"wp","href":"https:\/\/api.w.org\/{rel}","templated":true}]}}