{"id":822,"date":"2020-11-30T11:22:27","date_gmt":"2020-11-30T10:22:27","guid":{"rendered":"https:\/\/trgovina-kovacnik.com\/?post_type=product&#038;p=822"},"modified":"2024-04-11T22:59:35","modified_gmt":"2024-04-11T20:59:35","slug":"cemazev-pesto-212-ml","status":"publish","type":"product","link":"https:\/\/kovacnik.com\/de\/izdelek\/cemazev-pesto-212-ml\/","title":{"rendered":"\u010cema\u017eev pesto, 212 ml"},"content":{"rendered":"<p><strong>Sesekljani listi sve\u017eega \u010dema\u017ea iz divjega rasti\u0161\u010da v ekstra devi\u0161kem olj\u010dnem olju.<\/strong><\/p>\n","protected":false},"excerpt":{"rendered":"<p><strong>Za tiste, ki ljubijo okus po \u010desnu. <\/strong><\/p>\n","protected":false},"featured_media":5753,"template":"","meta":{"inline_featured_image":false},"product_cat":[75],"product_tag":[],"class_list":{"0":"post-822","1":"product","2":"type-product","3":"status-publish","4":"has-post-thumbnail","6":"product_cat-namazi","8":"first","9":"instock","10":"taxable","11":"shipping-taxable","12":"purchasable","13":"product-type-simple"},"bundle_layout":"","bundle_add_to_cart_form_location":"","bundle_editable_in_cart":false,"bundle_sold_individually_context":"","bundle_item_grouping":"","bundle_min_size":"","bundle_max_size":"","bundled_by":["1277"],"bundled_items":[],"_links":{"self":[{"href":"https:\/\/kovacnik.com\/de\/wp-json\/wp\/v2\/product\/822","targetHints":{"allow":["GET"]}}],"collection":[{"href":"https:\/\/kovacnik.com\/de\/wp-json\/wp\/v2\/product"}],"about":[{"href":"https:\/\/kovacnik.com\/de\/wp-json\/wp\/v2\/types\/product"}],"wp:featuredmedia":[{"embeddable":true,"href":"https:\/\/kovacnik.com\/de\/wp-json\/wp\/v2\/media\/5753"}],"wp:attachment":[{"href":"https:\/\/kovacnik.com\/de\/wp-json\/wp\/v2\/media?parent=822"}],"wp:term":[{"taxonomy":"product_cat","embeddable":true,"href":"https:\/\/kovacnik.com\/de\/wp-json\/wp\/v2\/product_cat?post=822"},{"taxonomy":"product_tag","embeddable":true,"href":"https:\/\/kovacnik.com\/de\/wp-json\/wp\/v2\/product_tag?post=822"}],"curies":[{"name":"wp","href":"https:\/\/api.w.org\/{rel}","templated":true}]}}