{"id":831,"date":"2020-11-30T11:29:25","date_gmt":"2020-11-30T10:29:25","guid":{"rendered":"https:\/\/trgovina-kovacnik.com\/?post_type=product&#038;p=831"},"modified":"2023-11-02T01:00:11","modified_gmt":"2023-11-02T00:00:11","slug":"zajbljev-liker-350-ml","status":"publish","type":"product","link":"https:\/\/kovacnik.com\/de\/izdelek\/zajbljev-liker-350-ml\/","title":{"rendered":"\u017dajbljev liker, 350 ml"},"content":{"rendered":"<p><strong>Prija v hladnih dneh, pa tudi tedaj, ko nam je vro\u010de. Omejena koli\u010dina!<\/strong><\/p>\n","protected":false},"excerpt":{"rendered":"<p><strong>\u017dajbljev liker je sinonim za poletje, ujeto v stekleni\u010dki.<\/strong><\/p>\n","protected":false},"featured_media":5919,"template":"","meta":{"inline_featured_image":false},"product_cat":[76],"product_tag":[],"class_list":{"0":"post-831","1":"product","2":"type-product","3":"status-publish","4":"has-post-thumbnail","6":"product_cat-likerji-in-zganje","8":"first","9":"instock","10":"taxable","11":"shipping-taxable","12":"purchasable","13":"product-type-simple"},"bundle_layout":"","bundle_add_to_cart_form_location":"","bundle_editable_in_cart":false,"bundle_sold_individually_context":"","bundle_item_grouping":"","bundle_min_size":"","bundle_max_size":"","bundled_by":["1277"],"bundled_items":[],"_links":{"self":[{"href":"https:\/\/kovacnik.com\/de\/wp-json\/wp\/v2\/product\/831","targetHints":{"allow":["GET"]}}],"collection":[{"href":"https:\/\/kovacnik.com\/de\/wp-json\/wp\/v2\/product"}],"about":[{"href":"https:\/\/kovacnik.com\/de\/wp-json\/wp\/v2\/types\/product"}],"wp:featuredmedia":[{"embeddable":true,"href":"https:\/\/kovacnik.com\/de\/wp-json\/wp\/v2\/media\/5919"}],"wp:attachment":[{"href":"https:\/\/kovacnik.com\/de\/wp-json\/wp\/v2\/media?parent=831"}],"wp:term":[{"taxonomy":"product_cat","embeddable":true,"href":"https:\/\/kovacnik.com\/de\/wp-json\/wp\/v2\/product_cat?post=831"},{"taxonomy":"product_tag","embeddable":true,"href":"https:\/\/kovacnik.com\/de\/wp-json\/wp\/v2\/product_tag?post=831"}],"curies":[{"name":"wp","href":"https:\/\/api.w.org\/{rel}","templated":true}]}}