{"id":850,"date":"2020-11-30T11:53:38","date_gmt":"2020-11-30T10:53:38","guid":{"rendered":"https:\/\/trgovina-kovacnik.com\/?post_type=product&#038;p=850"},"modified":"2025-06-03T12:10:57","modified_gmt":"2025-06-03T10:10:57","slug":"paket-tete-barbke-na-slano-bucni-pastetka-cemaz","status":"publish","type":"product","link":"https:\/\/kovacnik.com\/de\/izdelek\/paket-tete-barbke-na-slano-bucni-pastetka-cemaz\/","title":{"rendered":"Kajin paket\u00a0(metin sirup, zeli\u0161\u010dni \u010daj, marmelada)"},"content":{"rendered":"<p><strong>Metin sirup, zeli\u0161\u010dni \u010daj in marmelada so vedno prava izbira za obdaritev.<\/strong><\/p>\n","protected":false},"excerpt":{"rendered":"<p><strong>Tri slastne dobrote, s katerimi ne zgre\u0161ite.<\/strong><\/p>\n","protected":false},"featured_media":5953,"template":"","meta":{"inline_featured_image":false},"product_cat":[78],"product_tag":[],"class_list":{"0":"post-850","1":"product","2":"type-product","3":"status-publish","4":"has-post-thumbnail","6":"product_cat-darilni-paketi","8":"first","9":"instock","10":"taxable","11":"shipping-taxable","12":"purchasable","13":"product-type-simple"},"bundle_layout":"","bundle_add_to_cart_form_location":"","bundle_editable_in_cart":false,"bundle_sold_individually_context":"","bundle_item_grouping":"","bundle_min_size":"","bundle_max_size":"","bundled_by":[],"bundled_items":[],"_links":{"self":[{"href":"https:\/\/kovacnik.com\/de\/wp-json\/wp\/v2\/product\/850","targetHints":{"allow":["GET"]}}],"collection":[{"href":"https:\/\/kovacnik.com\/de\/wp-json\/wp\/v2\/product"}],"about":[{"href":"https:\/\/kovacnik.com\/de\/wp-json\/wp\/v2\/types\/product"}],"wp:featuredmedia":[{"embeddable":true,"href":"https:\/\/kovacnik.com\/de\/wp-json\/wp\/v2\/media\/5953"}],"wp:attachment":[{"href":"https:\/\/kovacnik.com\/de\/wp-json\/wp\/v2\/media?parent=850"}],"wp:term":[{"taxonomy":"product_cat","embeddable":true,"href":"https:\/\/kovacnik.com\/de\/wp-json\/wp\/v2\/product_cat?post=850"},{"taxonomy":"product_tag","embeddable":true,"href":"https:\/\/kovacnik.com\/de\/wp-json\/wp\/v2\/product_tag?post=850"}],"curies":[{"name":"wp","href":"https:\/\/api.w.org\/{rel}","templated":true}]}}