{"id":852,"date":"2020-11-30T11:54:56","date_gmt":"2020-11-30T10:54:56","guid":{"rendered":"https:\/\/trgovina-kovacnik.com\/?post_type=product&#038;p=852"},"modified":"2025-09-26T21:53:07","modified_gmt":"2025-09-26T19:53:07","slug":"paket-babice-angelce-zeliscni-caj-bucni-marmelada-brajda","status":"publish","type":"product","link":"https:\/\/kovacnik.com\/de\/izdelek\/paket-babice-angelce-zeliscni-caj-bucni-marmelada-brajda\/","title":{"rendered":"Paket babice Angelce\u00a0(pa\u0161teta, bu\u010dni namaz, marmelada)"},"content":{"rendered":"<p><strong>Paket treh najbolje prodajanih izdelkov iz na\u0161e ponudbe: pa\u0161teta, bu\u010dni namaz in ekstra doma\u010da marmelada po na\u0161em izboru.<\/strong><\/p>\n","protected":false},"excerpt":{"rendered":"<p><strong>Paket treh najbolje prodajanih Kova\u010dnikovih izdelkov.<\/strong><\/p>\n","protected":false},"featured_media":5959,"template":"","meta":{"inline_featured_image":false},"product_cat":[78],"product_tag":[],"class_list":{"0":"post-852","1":"product","2":"type-product","3":"status-publish","4":"has-post-thumbnail","6":"product_cat-darilni-paketi","8":"first","9":"instock","10":"taxable","11":"shipping-taxable","12":"purchasable","13":"product-type-simple"},"bundle_layout":"","bundle_add_to_cart_form_location":"","bundle_editable_in_cart":false,"bundle_sold_individually_context":"","bundle_item_grouping":"","bundle_min_size":"","bundle_max_size":"","bundled_by":[],"bundled_items":[],"_links":{"self":[{"href":"https:\/\/kovacnik.com\/de\/wp-json\/wp\/v2\/product\/852","targetHints":{"allow":["GET"]}}],"collection":[{"href":"https:\/\/kovacnik.com\/de\/wp-json\/wp\/v2\/product"}],"about":[{"href":"https:\/\/kovacnik.com\/de\/wp-json\/wp\/v2\/types\/product"}],"wp:featuredmedia":[{"embeddable":true,"href":"https:\/\/kovacnik.com\/de\/wp-json\/wp\/v2\/media\/5959"}],"wp:attachment":[{"href":"https:\/\/kovacnik.com\/de\/wp-json\/wp\/v2\/media?parent=852"}],"wp:term":[{"taxonomy":"product_cat","embeddable":true,"href":"https:\/\/kovacnik.com\/de\/wp-json\/wp\/v2\/product_cat?post=852"},{"taxonomy":"product_tag","embeddable":true,"href":"https:\/\/kovacnik.com\/de\/wp-json\/wp\/v2\/product_tag?post=852"}],"curies":[{"name":"wp","href":"https:\/\/api.w.org\/{rel}","templated":true}]}}