{"id":4392,"date":"2021-11-21T19:17:22","date_gmt":"2021-11-21T18:17:22","guid":{"rendered":"https:\/\/kovacnik.com\/?post_type=product&#038;p=4392"},"modified":"2025-06-03T12:10:47","modified_gmt":"2025-06-03T10:10:47","slug":"julijin-paket-metin-sirup-marmelada-bucni-namaz","status":"publish","type":"product","link":"https:\/\/kovacnik.com\/en\/izdelek\/julijin-paket-metin-sirup-marmelada-bucni-namaz\/","title":{"rendered":"Julijin paket\u00a0(metin sirup, marmelada, \u010dema\u017e)"},"content":{"rendered":"<p><strong>Julija si je za svoj paket izbrala njene najljub\u0161e dobrote z metinim sirupom, marmelado in \u010dema\u017eem.<\/strong><\/p>\n","protected":false},"excerpt":{"rendered":"<p><strong>Julijin paket je lepo darilo za male in velike.<\/strong><\/p>\n","protected":false},"featured_media":5950,"template":"","meta":{"inline_featured_image":false},"product_cat":[78],"product_tag":[],"class_list":{"0":"post-4392","1":"product","2":"type-product","3":"status-publish","4":"has-post-thumbnail","6":"product_cat-darilni-paketi","8":"first","9":"instock","10":"taxable","11":"shipping-taxable","12":"purchasable","13":"product-type-simple"},"bundle_layout":"","bundle_add_to_cart_form_location":"","bundle_editable_in_cart":false,"bundle_sold_individually_context":"","bundle_item_grouping":"","bundle_min_size":"","bundle_max_size":"","bundled_by":[],"bundled_items":[],"_links":{"self":[{"href":"https:\/\/kovacnik.com\/en\/wp-json\/wp\/v2\/product\/4392","targetHints":{"allow":["GET"]}}],"collection":[{"href":"https:\/\/kovacnik.com\/en\/wp-json\/wp\/v2\/product"}],"about":[{"href":"https:\/\/kovacnik.com\/en\/wp-json\/wp\/v2\/types\/product"}],"wp:featuredmedia":[{"embeddable":true,"href":"https:\/\/kovacnik.com\/en\/wp-json\/wp\/v2\/media\/5950"}],"wp:attachment":[{"href":"https:\/\/kovacnik.com\/en\/wp-json\/wp\/v2\/media?parent=4392"}],"wp:term":[{"taxonomy":"product_cat","embeddable":true,"href":"https:\/\/kovacnik.com\/en\/wp-json\/wp\/v2\/product_cat?post=4392"},{"taxonomy":"product_tag","embeddable":true,"href":"https:\/\/kovacnik.com\/en\/wp-json\/wp\/v2\/product_tag?post=4392"}],"curies":[{"name":"wp","href":"https:\/\/api.w.org\/{rel}","templated":true}]}}