{"id":463,"date":"2020-11-22T12:41:43","date_gmt":"2020-11-22T11:41:43","guid":{"rendered":"https:\/\/trgovina-kovacnik.com\/?post_type=product&#038;p=463"},"modified":"2026-05-05T19:43:42","modified_gmt":"2026-05-05T17:43:42","slug":"borovnica","status":"publish","type":"product","link":"https:\/\/kovacnik.com\/en\/izdelek\/borovnica\/","title":{"rendered":"Borovnica, 212 ml"},"content":{"rendered":"<p><strong>Pri nas na Pohorju pravimo gozdnim borovnicam \u201c\u010drnice\u201d. <\/strong><\/p>\n<p>Vse na\u0161e marmelade so okusne. \u010ce bi se morali odlo\u010diti samo za eno, zagotovo ne bi zgre\u0161ili z izbiro Kova\u010dnikove ekstra borovni\u010deve marmelade.<\/p>\n","protected":false},"excerpt":{"rendered":"<p><strong>Najbolj\u0161a marmelada s Pohorja je iz &#8220;\u010drnic&#8221;.<\/strong><\/p>\n","protected":false},"featured_media":5827,"template":"","meta":{"inline_featured_image":false},"product_cat":[70],"product_tag":[],"class_list":{"0":"post-463","1":"product","2":"type-product","3":"status-publish","4":"has-post-thumbnail","6":"product_cat-marmelade","8":"first","9":"instock","10":"taxable","11":"shipping-taxable","12":"purchasable","13":"product-type-simple"},"bundle_layout":"","bundle_add_to_cart_form_location":"","bundle_editable_in_cart":false,"bundle_sold_individually_context":"","bundle_item_grouping":"","bundle_min_size":"","bundle_max_size":"","bundled_by":["6012","1277"],"bundled_items":[],"_links":{"self":[{"href":"https:\/\/kovacnik.com\/en\/wp-json\/wp\/v2\/product\/463","targetHints":{"allow":["GET"]}}],"collection":[{"href":"https:\/\/kovacnik.com\/en\/wp-json\/wp\/v2\/product"}],"about":[{"href":"https:\/\/kovacnik.com\/en\/wp-json\/wp\/v2\/types\/product"}],"wp:featuredmedia":[{"embeddable":true,"href":"https:\/\/kovacnik.com\/en\/wp-json\/wp\/v2\/media\/5827"}],"wp:attachment":[{"href":"https:\/\/kovacnik.com\/en\/wp-json\/wp\/v2\/media?parent=463"}],"wp:term":[{"taxonomy":"product_cat","embeddable":true,"href":"https:\/\/kovacnik.com\/en\/wp-json\/wp\/v2\/product_cat?post=463"},{"taxonomy":"product_tag","embeddable":true,"href":"https:\/\/kovacnik.com\/en\/wp-json\/wp\/v2\/product_tag?post=463"}],"curies":[{"name":"wp","href":"https:\/\/api.w.org\/{rel}","templated":true}]}}