{"id":464,"date":"2020-11-22T12:47:40","date_gmt":"2020-11-22T11:47:40","guid":{"rendered":"https:\/\/trgovina-kovacnik.com\/?post_type=product&#038;p=464"},"modified":"2025-11-19T19:28:53","modified_gmt":"2025-11-19T18:28:53","slug":"bozicni-caj-babice-angelce","status":"publish","type":"product","link":"https:\/\/kovacnik.com\/en\/izdelek\/bozicni-caj-babice-angelce\/","title":{"rendered":"Bo\u017ei\u010dni \u010daj babice Angelce, 60 g"},"content":{"rendered":"<p><strong>V prazni\u010dnih dneh je na voljo tudi bo\u017ei\u010dna razli\u010dica \u010daja babice Angelce,<\/strong> <strong>ki je pripravljen iz grozdja, aronije, \u0161ipka in bezgovih jagod.<\/strong><\/p>\n","protected":false},"excerpt":{"rendered":"<p><strong>\u010caj, ki di\u0161i po praznikih. <\/strong><\/p>\n","protected":false},"featured_media":5741,"template":"","meta":{"inline_featured_image":false},"product_cat":[71],"product_tag":[],"class_list":{"0":"post-464","1":"product","2":"type-product","3":"status-publish","4":"has-post-thumbnail","6":"product_cat-caji","8":"first","9":"instock","10":"taxable","11":"shipping-taxable","12":"purchasable","13":"product-type-simple"},"bundle_layout":"","bundle_add_to_cart_form_location":"","bundle_editable_in_cart":false,"bundle_sold_individually_context":"","bundle_item_grouping":"","bundle_min_size":"","bundle_max_size":"","bundled_by":["1277"],"bundled_items":[],"_links":{"self":[{"href":"https:\/\/kovacnik.com\/en\/wp-json\/wp\/v2\/product\/464","targetHints":{"allow":["GET"]}}],"collection":[{"href":"https:\/\/kovacnik.com\/en\/wp-json\/wp\/v2\/product"}],"about":[{"href":"https:\/\/kovacnik.com\/en\/wp-json\/wp\/v2\/types\/product"}],"wp:featuredmedia":[{"embeddable":true,"href":"https:\/\/kovacnik.com\/en\/wp-json\/wp\/v2\/media\/5741"}],"wp:attachment":[{"href":"https:\/\/kovacnik.com\/en\/wp-json\/wp\/v2\/media?parent=464"}],"wp:term":[{"taxonomy":"product_cat","embeddable":true,"href":"https:\/\/kovacnik.com\/en\/wp-json\/wp\/v2\/product_cat?post=464"},{"taxonomy":"product_tag","embeddable":true,"href":"https:\/\/kovacnik.com\/en\/wp-json\/wp\/v2\/product_tag?post=464"}],"curies":[{"name":"wp","href":"https:\/\/api.w.org\/{rel}","templated":true}]}}