{"id":540,"date":"2020-11-24T17:59:31","date_gmt":"2020-11-24T16:59:31","guid":{"rendered":"https:\/\/trgovina-kovacnik.com\/?post_type=product&#038;p=540"},"modified":"2025-09-26T21:56:12","modified_gmt":"2025-09-26T19:56:12","slug":"brajda-cimet-212-ml","status":"publish","type":"product","link":"https:\/\/kovacnik.com\/en\/izdelek\/brajda-cimet-212-ml\/","title":{"rendered":"Stara brajda, 212 ml"},"content":{"rendered":"<p><strong>Brajda simbolizira pergolo, oporo za trto. Pred na\u0161o kmetijo raste stara trta, ki ji Pohorci re\u010demo brajda.<\/strong><\/p>\n<p>Hvale\u017eni smo, da nas na\u0161a stara brajda vsako leto obdari z aromati\u010dnimi grozdnimi jagodami, iz katerih naredimo predobro marmelado, ki di\u0161i po praznikih.<\/p>\n","protected":false},"excerpt":{"rendered":"<p><strong>Aromati\u010dna marmelada, ki di\u0161i po ve\u010d.<\/strong><\/p>\n","protected":false},"featured_media":5815,"template":"","meta":{"inline_featured_image":false},"product_cat":[70],"product_tag":[],"class_list":{"0":"post-540","1":"product","2":"type-product","3":"status-publish","4":"has-post-thumbnail","6":"product_cat-marmelade","8":"first","9":"instock","10":"taxable","11":"shipping-taxable","12":"purchasable","13":"product-type-simple"},"bundle_layout":"","bundle_add_to_cart_form_location":"","bundle_editable_in_cart":false,"bundle_sold_individually_context":"","bundle_item_grouping":"","bundle_min_size":"","bundle_max_size":"","bundled_by":["6012","1277"],"bundled_items":[],"_links":{"self":[{"href":"https:\/\/kovacnik.com\/en\/wp-json\/wp\/v2\/product\/540","targetHints":{"allow":["GET"]}}],"collection":[{"href":"https:\/\/kovacnik.com\/en\/wp-json\/wp\/v2\/product"}],"about":[{"href":"https:\/\/kovacnik.com\/en\/wp-json\/wp\/v2\/types\/product"}],"wp:featuredmedia":[{"embeddable":true,"href":"https:\/\/kovacnik.com\/en\/wp-json\/wp\/v2\/media\/5815"}],"wp:attachment":[{"href":"https:\/\/kovacnik.com\/en\/wp-json\/wp\/v2\/media?parent=540"}],"wp:term":[{"taxonomy":"product_cat","embeddable":true,"href":"https:\/\/kovacnik.com\/en\/wp-json\/wp\/v2\/product_cat?post=540"},{"taxonomy":"product_tag","embeddable":true,"href":"https:\/\/kovacnik.com\/en\/wp-json\/wp\/v2\/product_tag?post=540"}],"curies":[{"name":"wp","href":"https:\/\/api.w.org\/{rel}","templated":true}]}}