{"id":5705,"date":"2023-11-01T00:27:47","date_gmt":"2023-10-31T23:27:47","guid":{"rendered":"https:\/\/kovacnik.com\/?post_type=product&#038;p=5705"},"modified":"2024-12-10T18:37:24","modified_gmt":"2024-12-10T17:37:24","slug":"darilni-bon-10-eur","status":"publish","type":"product","link":"https:\/\/kovacnik.com\/en\/izdelek\/darilni-bon-10-eur\/","title":{"rendered":"Darilni bon 10 eur"},"content":{"rendered":"<p>Vsak Kova\u010dnikov vrednostni bon je pripravljen kot darilo: v darilni \u0161katlici z darilno kuverto in posvetilom. V opombe zapi\u0161ite besedilo po va\u0161i \u017eelji.<\/p>\n","protected":false},"excerpt":{"rendered":"<p>Kova\u010dnikov vrednostni bon je pripravljen kot darilo: v darilni \u0161katlici z darilno kuverto in posvetilom. V opombe zapi\u0161ite besedilo po va\u0161i \u017eelji.<\/p>\n","protected":false},"featured_media":6528,"template":"","meta":{"inline_featured_image":false},"product_cat":[140],"product_tag":[],"class_list":{"0":"post-5705","1":"product","2":"type-product","3":"status-publish","4":"has-post-thumbnail","6":"product_cat-darilni-boni","8":"first","9":"instock","10":"taxable","11":"shipping-taxable","12":"purchasable","13":"product-type-simple"},"bundle_layout":"","bundle_add_to_cart_form_location":"","bundle_editable_in_cart":false,"bundle_sold_individually_context":"","bundle_item_grouping":"","bundle_min_size":"","bundle_max_size":"","bundled_by":[],"bundled_items":[],"_links":{"self":[{"href":"https:\/\/kovacnik.com\/en\/wp-json\/wp\/v2\/product\/5705","targetHints":{"allow":["GET"]}}],"collection":[{"href":"https:\/\/kovacnik.com\/en\/wp-json\/wp\/v2\/product"}],"about":[{"href":"https:\/\/kovacnik.com\/en\/wp-json\/wp\/v2\/types\/product"}],"wp:featuredmedia":[{"embeddable":true,"href":"https:\/\/kovacnik.com\/en\/wp-json\/wp\/v2\/media\/6528"}],"wp:attachment":[{"href":"https:\/\/kovacnik.com\/en\/wp-json\/wp\/v2\/media?parent=5705"}],"wp:term":[{"taxonomy":"product_cat","embeddable":true,"href":"https:\/\/kovacnik.com\/en\/wp-json\/wp\/v2\/product_cat?post=5705"},{"taxonomy":"product_tag","embeddable":true,"href":"https:\/\/kovacnik.com\/en\/wp-json\/wp\/v2\/product_tag?post=5705"}],"curies":[{"name":"wp","href":"https:\/\/api.w.org\/{rel}","templated":true}]}}