{"id":680,"date":"2020-11-27T08:06:28","date_gmt":"2020-11-27T07:06:28","guid":{"rendered":"https:\/\/trgovina-kovacnik.com\/?post_type=product&#038;p=680"},"modified":"2025-05-29T10:55:57","modified_gmt":"2025-05-29T08:55:57","slug":"bezgov-sirup-500-ml","status":"publish","type":"product","link":"https:\/\/kovacnik.com\/en\/izdelek\/bezgov-sirup-500-ml\/","title":{"rendered":"Bezgov sirup, 500 ml"},"content":{"rendered":"<p><strong>Bezeg na obronkih zelenih pohorskih gozdov, umaknjenih od prometnih poti, zelo dobro uspeva. <\/strong><\/p>\n<p>Vsako leto nabiramo di\u0161e\u010de bezgove cvetove, iz katerih skuhamo odli\u010den bezgov sirup.<\/p>\n","protected":false},"excerpt":{"rendered":"<p><strong>Sladek in di\u0161e\u010d sirup, ki je srame\u017eljivo rde\u010dkaste barve. <\/strong><\/p>\n","protected":false},"featured_media":5993,"template":"","meta":{"inline_featured_image":false},"product_cat":[81],"product_tag":[],"class_list":{"0":"post-680","1":"product","2":"type-product","3":"status-publish","4":"has-post-thumbnail","6":"product_cat-sokovi","8":"first","9":"instock","10":"taxable","11":"shipping-taxable","12":"purchasable","13":"product-type-simple"},"bundle_layout":"","bundle_add_to_cart_form_location":"","bundle_editable_in_cart":false,"bundle_sold_individually_context":"","bundle_item_grouping":"","bundle_min_size":"","bundle_max_size":"","bundled_by":["1277"],"bundled_items":[],"_links":{"self":[{"href":"https:\/\/kovacnik.com\/en\/wp-json\/wp\/v2\/product\/680","targetHints":{"allow":["GET"]}}],"collection":[{"href":"https:\/\/kovacnik.com\/en\/wp-json\/wp\/v2\/product"}],"about":[{"href":"https:\/\/kovacnik.com\/en\/wp-json\/wp\/v2\/types\/product"}],"wp:featuredmedia":[{"embeddable":true,"href":"https:\/\/kovacnik.com\/en\/wp-json\/wp\/v2\/media\/5993"}],"wp:attachment":[{"href":"https:\/\/kovacnik.com\/en\/wp-json\/wp\/v2\/media?parent=680"}],"wp:term":[{"taxonomy":"product_cat","embeddable":true,"href":"https:\/\/kovacnik.com\/en\/wp-json\/wp\/v2\/product_cat?post=680"},{"taxonomy":"product_tag","embeddable":true,"href":"https:\/\/kovacnik.com\/en\/wp-json\/wp\/v2\/product_tag?post=680"}],"curies":[{"name":"wp","href":"https:\/\/api.w.org\/{rel}","templated":true}]}}