{"id":724,"date":"2020-11-29T21:55:39","date_gmt":"2020-11-29T20:55:39","guid":{"rendered":"https:\/\/trgovina-kovacnik.com\/?post_type=product&#038;p=724"},"modified":"2023-11-28T10:24:12","modified_gmt":"2023-11-28T09:24:12","slug":"zeliscni-caj-babice-angelce-20-g","status":"publish","type":"product","link":"https:\/\/kovacnik.com\/en\/izdelek\/zeliscni-caj-babice-angelce-20-g\/","title":{"rendered":"Zeli\u0161\u010dni \u010daj babice Angelce, 20 g"},"content":{"rendered":"<p><strong>Iz Kova\u010dnikovega vrta zdravilnih in aromati\u010dnih rastlin lahko s seboj ponesete zeli\u0161\u010dni \u010daj babice Angelce. <\/strong><\/p>\n<p>V njem je posu\u0161ena me\u0161anica mete, melise, koprive, dobre misli, rmana, lipe, materine du\u0161ice, bezga, \u017eajblja, ognji\u010da, kamilice, sivke in vrtnice.<\/p>\n","protected":false},"excerpt":{"rendered":"<p><strong>\u010caj z intenzivnim vonjem poletja, ki se prete\u017eno pije pozimi.<\/strong><\/p>\n","protected":false},"featured_media":5656,"template":"","meta":{"inline_featured_image":false},"product_cat":[71],"product_tag":[],"class_list":{"0":"post-724","1":"product","2":"type-product","3":"status-publish","4":"has-post-thumbnail","6":"product_cat-caji","8":"first","9":"instock","10":"taxable","11":"shipping-taxable","12":"purchasable","13":"product-type-simple"},"bundle_layout":"","bundle_add_to_cart_form_location":"","bundle_editable_in_cart":false,"bundle_sold_individually_context":"","bundle_item_grouping":"","bundle_min_size":"","bundle_max_size":"","bundled_by":["1277"],"bundled_items":[],"_links":{"self":[{"href":"https:\/\/kovacnik.com\/en\/wp-json\/wp\/v2\/product\/724","targetHints":{"allow":["GET"]}}],"collection":[{"href":"https:\/\/kovacnik.com\/en\/wp-json\/wp\/v2\/product"}],"about":[{"href":"https:\/\/kovacnik.com\/en\/wp-json\/wp\/v2\/types\/product"}],"wp:featuredmedia":[{"embeddable":true,"href":"https:\/\/kovacnik.com\/en\/wp-json\/wp\/v2\/media\/5656"}],"wp:attachment":[{"href":"https:\/\/kovacnik.com\/en\/wp-json\/wp\/v2\/media?parent=724"}],"wp:term":[{"taxonomy":"product_cat","embeddable":true,"href":"https:\/\/kovacnik.com\/en\/wp-json\/wp\/v2\/product_cat?post=724"},{"taxonomy":"product_tag","embeddable":true,"href":"https:\/\/kovacnik.com\/en\/wp-json\/wp\/v2\/product_tag?post=724"}],"curies":[{"name":"wp","href":"https:\/\/api.w.org\/{rel}","templated":true}]}}