{"id":736,"date":"2020-11-29T22:06:54","date_gmt":"2020-11-29T21:06:54","guid":{"rendered":"https:\/\/trgovina-kovacnik.com\/?post_type=product&#038;p=736"},"modified":"2025-06-03T12:11:11","modified_gmt":"2025-06-03T10:11:11","slug":"metin-sirup-500-ml","status":"publish","type":"product","link":"https:\/\/kovacnik.com\/en\/izdelek\/metin-sirup-500-ml\/","title":{"rendered":"Metin sirup, 500 ml"},"content":{"rendered":"<p><strong>Metin sirup iz na\u0161ega zeli\u0161\u010dnega vrta omamno di\u0161i. <\/strong><\/p>\n<p>Od\u017eeja nas v vro\u010dih poletnih dneh, \u00bbpa\u0161e\u00ab pa nam tudi pozimi.<\/p>\n","protected":false},"excerpt":{"rendered":"<p><strong>Nekaj najbolj\u0161ega, kar naredimo Pri Kova\u010dniku.<\/strong><\/p>\n","protected":false},"featured_media":5892,"template":"","meta":{"inline_featured_image":false},"product_cat":[81],"product_tag":[],"class_list":{"0":"post-736","1":"product","2":"type-product","3":"status-publish","4":"has-post-thumbnail","6":"product_cat-sokovi","8":"first","9":"instock","10":"taxable","11":"shipping-taxable","12":"purchasable","13":"product-type-simple"},"bundle_layout":"","bundle_add_to_cart_form_location":"","bundle_editable_in_cart":false,"bundle_sold_individually_context":"","bundle_item_grouping":"","bundle_min_size":"","bundle_max_size":"","bundled_by":["1277"],"bundled_items":[],"_links":{"self":[{"href":"https:\/\/kovacnik.com\/en\/wp-json\/wp\/v2\/product\/736","targetHints":{"allow":["GET"]}}],"collection":[{"href":"https:\/\/kovacnik.com\/en\/wp-json\/wp\/v2\/product"}],"about":[{"href":"https:\/\/kovacnik.com\/en\/wp-json\/wp\/v2\/types\/product"}],"wp:featuredmedia":[{"embeddable":true,"href":"https:\/\/kovacnik.com\/en\/wp-json\/wp\/v2\/media\/5892"}],"wp:attachment":[{"href":"https:\/\/kovacnik.com\/en\/wp-json\/wp\/v2\/media?parent=736"}],"wp:term":[{"taxonomy":"product_cat","embeddable":true,"href":"https:\/\/kovacnik.com\/en\/wp-json\/wp\/v2\/product_cat?post=736"},{"taxonomy":"product_tag","embeddable":true,"href":"https:\/\/kovacnik.com\/en\/wp-json\/wp\/v2\/product_tag?post=736"}],"curies":[{"name":"wp","href":"https:\/\/api.w.org\/{rel}","templated":true}]}}