{"id":747,"date":"2020-11-29T22:25:43","date_gmt":"2020-11-29T21:25:43","guid":{"rendered":"https:\/\/trgovina-kovacnik.com\/?post_type=product&#038;p=747"},"modified":"2023-11-02T00:07:37","modified_gmt":"2023-11-01T23:07:37","slug":"zacinka-212-ml","status":"publish","type":"product","link":"https:\/\/kovacnik.com\/en\/izdelek\/zacinka-212-ml\/","title":{"rendered":"Za\u010dinka, 212 ml"},"content":{"rendered":"<p><strong>Z\u030ce poznate Kovac\u030cnikovo najboljs\u030co zac\u030cinko za slane jedi? Na\u0161a babi Angelca skoraj ne zna vec\u030c kuhati brez nje! <\/strong><\/p>\n<p>Uporabljamo jo za izbolj\u0161anje okusa juh, omak in mesnih jedi. Ne dodamo ji ni\u010d drugega kot sve\u017ei koren\u010dek, peter\u0161ilj, gomolj zelene in sol, zato zelenjava ohrani vse vitamine, minerale in hranilne snovi. Tale nas\u030c shranek vam toplo priporoc\u030camo za ozimnico.<\/p>\n","protected":false},"excerpt":{"rendered":"<p><strong>Za\u010dimbna me\u0161anica zelenjave z na\u0161ega vrta.<\/strong><\/p>\n","protected":false},"featured_media":5806,"template":"","meta":{"inline_featured_image":false},"product_cat":[73],"product_tag":[],"class_list":{"0":"post-747","1":"product","2":"type-product","3":"status-publish","4":"has-post-thumbnail","6":"product_cat-zelenjava","8":"first","9":"instock","10":"taxable","11":"shipping-taxable","12":"purchasable","13":"product-type-simple"},"bundle_layout":"","bundle_add_to_cart_form_location":"","bundle_editable_in_cart":false,"bundle_sold_individually_context":"","bundle_item_grouping":"","bundle_min_size":"","bundle_max_size":"","bundled_by":["1277"],"bundled_items":[],"_links":{"self":[{"href":"https:\/\/kovacnik.com\/en\/wp-json\/wp\/v2\/product\/747","targetHints":{"allow":["GET"]}}],"collection":[{"href":"https:\/\/kovacnik.com\/en\/wp-json\/wp\/v2\/product"}],"about":[{"href":"https:\/\/kovacnik.com\/en\/wp-json\/wp\/v2\/types\/product"}],"wp:featuredmedia":[{"embeddable":true,"href":"https:\/\/kovacnik.com\/en\/wp-json\/wp\/v2\/media\/5806"}],"wp:attachment":[{"href":"https:\/\/kovacnik.com\/en\/wp-json\/wp\/v2\/media?parent=747"}],"wp:term":[{"taxonomy":"product_cat","embeddable":true,"href":"https:\/\/kovacnik.com\/en\/wp-json\/wp\/v2\/product_cat?post=747"},{"taxonomy":"product_tag","embeddable":true,"href":"https:\/\/kovacnik.com\/en\/wp-json\/wp\/v2\/product_tag?post=747"}],"curies":[{"name":"wp","href":"https:\/\/api.w.org\/{rel}","templated":true}]}}