{"id":765,"date":"2020-11-29T22:44:23","date_gmt":"2020-11-29T21:44:23","guid":{"rendered":"https:\/\/trgovina-kovacnik.com\/?post_type=product&#038;p=765"},"modified":"2025-09-26T21:54:13","modified_gmt":"2025-09-26T19:54:13","slug":"jetrna-pastetka-212-ml","status":"publish","type":"product","link":"https:\/\/kovacnik.com\/en\/izdelek\/jetrna-pastetka-212-ml\/","title":{"rendered":"Jetrna pa\u0161tetka, 212 ml"},"content":{"rendered":"<p><strong>Ta prava pohorska pa\u0161teta po receptu na\u0161e babice Angelce iz svinjskih jeter in mesa.<\/strong><\/p>\n","protected":false},"excerpt":{"rendered":"<p><strong>Preverjeno dober namaz marsikaterega Kova\u010dnikovega kupca.<\/strong><\/p>\n","protected":false},"featured_media":5726,"template":"","meta":{"inline_featured_image":false},"product_cat":[75],"product_tag":[],"class_list":{"0":"post-765","1":"product","2":"type-product","3":"status-publish","4":"has-post-thumbnail","6":"product_cat-namazi","8":"first","9":"instock","10":"taxable","11":"shipping-taxable","12":"purchasable","13":"product-type-simple"},"bundle_layout":"","bundle_add_to_cart_form_location":"","bundle_editable_in_cart":false,"bundle_sold_individually_context":"","bundle_item_grouping":"","bundle_min_size":"","bundle_max_size":"","bundled_by":["1277"],"bundled_items":[],"_links":{"self":[{"href":"https:\/\/kovacnik.com\/en\/wp-json\/wp\/v2\/product\/765","targetHints":{"allow":["GET"]}}],"collection":[{"href":"https:\/\/kovacnik.com\/en\/wp-json\/wp\/v2\/product"}],"about":[{"href":"https:\/\/kovacnik.com\/en\/wp-json\/wp\/v2\/types\/product"}],"wp:featuredmedia":[{"embeddable":true,"href":"https:\/\/kovacnik.com\/en\/wp-json\/wp\/v2\/media\/5726"}],"wp:attachment":[{"href":"https:\/\/kovacnik.com\/en\/wp-json\/wp\/v2\/media?parent=765"}],"wp:term":[{"taxonomy":"product_cat","embeddable":true,"href":"https:\/\/kovacnik.com\/en\/wp-json\/wp\/v2\/product_cat?post=765"},{"taxonomy":"product_tag","embeddable":true,"href":"https:\/\/kovacnik.com\/en\/wp-json\/wp\/v2\/product_tag?post=765"}],"curies":[{"name":"wp","href":"https:\/\/api.w.org\/{rel}","templated":true}]}}