{"id":827,"date":"2020-11-30T11:27:53","date_gmt":"2020-11-30T10:27:53","guid":{"rendered":"https:\/\/trgovina-kovacnik.com\/?post_type=product&#038;p=827"},"modified":"2023-11-02T00:58:19","modified_gmt":"2023-11-01T23:58:19","slug":"borovnicev-liker-350-ml","status":"publish","type":"product","link":"https:\/\/kovacnik.com\/en\/izdelek\/borovnicev-liker-350-ml\/","title":{"rendered":"Borovni\u010dev liker, 350 ml"},"content":{"rendered":"<p><strong>Tradicionalno in pohorsko! Brez borovni\u010dk ne gre. Povpra\u0161ajte po zalogah.<\/strong><\/p>\n","protected":false},"excerpt":{"rendered":"<p><strong>Ve\u010dni liker, ki se ga nikoli ne naveli\u010da\u0161.\u00a0<\/strong><\/p>\n","protected":false},"featured_media":5907,"template":"","meta":{"inline_featured_image":false},"product_cat":[76],"product_tag":[],"class_list":{"0":"post-827","1":"product","2":"type-product","3":"status-publish","4":"has-post-thumbnail","6":"product_cat-likerji-in-zganje","8":"first","9":"instock","10":"taxable","11":"shipping-taxable","12":"purchasable","13":"product-type-simple"},"bundle_layout":"","bundle_add_to_cart_form_location":"","bundle_editable_in_cart":false,"bundle_sold_individually_context":"","bundle_item_grouping":"","bundle_min_size":"","bundle_max_size":"","bundled_by":["1277"],"bundled_items":[],"_links":{"self":[{"href":"https:\/\/kovacnik.com\/en\/wp-json\/wp\/v2\/product\/827","targetHints":{"allow":["GET"]}}],"collection":[{"href":"https:\/\/kovacnik.com\/en\/wp-json\/wp\/v2\/product"}],"about":[{"href":"https:\/\/kovacnik.com\/en\/wp-json\/wp\/v2\/types\/product"}],"wp:featuredmedia":[{"embeddable":true,"href":"https:\/\/kovacnik.com\/en\/wp-json\/wp\/v2\/media\/5907"}],"wp:attachment":[{"href":"https:\/\/kovacnik.com\/en\/wp-json\/wp\/v2\/media?parent=827"}],"wp:term":[{"taxonomy":"product_cat","embeddable":true,"href":"https:\/\/kovacnik.com\/en\/wp-json\/wp\/v2\/product_cat?post=827"},{"taxonomy":"product_tag","embeddable":true,"href":"https:\/\/kovacnik.com\/en\/wp-json\/wp\/v2\/product_tag?post=827"}],"curies":[{"name":"wp","href":"https:\/\/api.w.org\/{rel}","templated":true}]}}